{"id":5893,"date":"2019-02-05T02:18:27","date_gmt":"2019-02-05T00:18:27","guid":{"rendered":"https:\/\/mrhouston.net\/clients\/training\/"},"modified":"2025-05-14T13:31:12","modified_gmt":"2025-05-14T12:31:12","slug":"training","status":"publish","type":"page","link":"https:\/\/mrhouston.net\/en\/clients\/training\/","title":{"rendered":"Training"},"content":{"rendered":"<p>[et_pb_section fb_built=\u00bb1&#8243; fullwidth=\u00bbon\u00bb _builder_version=\u00bb3.22&#8243; global_colors_info=\u00bb{}\u00bb][et_pb_fullwidth_post_title meta=\u00bboff\u00bb featured_image=\u00bboff\u00bb admin_label=\u00bbTitulo de pagina (automatico)\u00bb _builder_version=\u00bb3.19.4&#8243; title_font=\u00bb|||on|||||\u00bb title_text_color=\u00bb#ffffff\u00bb title_font_size=\u00bb25px\u00bb title_letter_spacing=\u00bb1px\u00bb background_color=\u00bb#ff6816&#8243; background_image=\u00bbhttps:\/\/mrhouston.net\/wp-content\/uploads\/2019\/01\/geometric-bg-overlay-01.jpg\u00bb background_blend=\u00bbluminosity\u00bb custom_padding=\u00bb47px||33px\u00bb title_text_shadow_style=\u00bbpreset4&#8243; global_colors_info=\u00bb{}\u00bb][\/et_pb_fullwidth_post_title][\/et_pb_section][et_pb_section fb_built=\u00bb1&#8243; _builder_version=\u00bb3.22&#8243; custom_margin=\u00bb15px|0px|15px|0px\u00bb custom_padding=\u00bb0px|0px|0px|0px\u00bb global_colors_info=\u00bb{}\u00bb][et_pb_row _builder_version=\u00bb3.25&#8243; custom_margin=\u00bb0px||0px|\u00bb custom_padding=\u00bb0px|0px|0px|0px\u00bb global_colors_info=\u00bb{}\u00bb][et_pb_column type=\u00bb4_4&#8243; _builder_version=\u00bb3.25&#8243; custom_padding=\u00bb0px|0px|0px|0px\u00bb global_colors_info=\u00bb{}\u00bb custom_padding__hover=\u00bb|||\u00bb][et_pb_code admin_label=\u00bbBreadcrumbs\u00bb _builder_version=\u00bb4.11.4&#8243; global_colors_info=\u00bb{}\u00bb]<ul id=\"mrH-breadcrumbs\" class=\"mrH-breadcrumbs\"><li class=\"item-home\"><a class=\"bread-link bread-home\" href=\"https:\/\/mrhouston.net\" title=\"Inicio\">Inicio<\/a><\/li><li class=\"separator separator-home\"> &gt; <\/li><\/ul>[\/et_pb_code][\/et_pb_column][\/et_pb_row][\/et_pb_section][et_pb_section fb_built=\u00bb1&#8243; module_class=\u00bbajusteFilasSection\u00bb _builder_version=\u00bb3.22&#8243; custom_padding=\u00bb0px|0px|60px|0px\u00bb global_colors_info=\u00bb{}\u00bb][et_pb_row column_structure=\u00bb1_4,1_4,1_4,1_4&#8243; make_equal=\u00bbon\u00bb _builder_version=\u00bb3.25&#8243; global_colors_info=\u00bb{}\u00bb][et_pb_column type=\u00bb1_4&#8243; _builder_version=\u00bb3.25&#8243; custom_padding=\u00bb|||\u00bb global_colors_info=\u00bb{}\u00bb custom_padding__hover=\u00bb|||\u00bb][et_pb_image src=\u00bbhttps:\/\/mrhouston.net\/wp-content\/uploads\/2019\/01\/Ceticsa.jpg\u00bb show_bottom_space=\u00bboff\u00bb align=\u00bbcenter\u00bb align_tablet=\u00bbcenter\u00bb align_phone=\u00bbcenter\u00bb align_last_edited=\u00bbon|desktop\u00bb module_class=\u00bbnormal43B\u00bb _builder_version=\u00bb3.23&#8243; custom_margin=\u00bb0px|0px|0px|0px\u00bb custom_padding=\u00bb0px|0px|0px|0px\u00bb animation_style=\u00bbfade\u00bb global_colors_info=\u00bb{}\u00bb][\/et_pb_image][et_pb_text module_class=\u00bbminAltura50&#8243; _builder_version=\u00bb3.27.4&#8243; text_font=\u00bbRoboto Condensed||||||||\u00bb text_text_color=\u00bb#2d2d2d\u00bb text_font_size=\u00bb17px\u00bb border_width_bottom=\u00bb2px\u00bb border_color_bottom=\u00bb#ff6816&#8243; global_colors_info=\u00bb{}\u00bb]<\/p>\n<p>\nCETICSA<\/p>\n<p>[\/et_pb_text][\/et_pb_column][et_pb_column type=\u00bb1_4&#8243; _builder_version=\u00bb3.25&#8243; custom_padding=\u00bb|||\u00bb global_colors_info=\u00bb{}\u00bb custom_padding__hover=\u00bb|||\u00bb][et_pb_image src=\u00bbhttps:\/\/mrhouston.net\/wp-content\/uploads\/2019\/01\/CEUMedia.jpg\u00bb url=\u00bbhttp:\/\/www.ceumedia.es\/\u00bb url_new_window=\u00bbon\u00bb show_bottom_space=\u00bboff\u00bb align=\u00bbcenter\u00bb align_tablet=\u00bbcenter\u00bb align_phone=\u00bbcenter\u00bb align_last_edited=\u00bbon|desktop\u00bb module_class=\u00bbnormal43B\u00bb _builder_version=\u00bb3.23&#8243; custom_margin=\u00bb0px|0px|0px|0px\u00bb custom_padding=\u00bb0px|0px|0px|0px\u00bb animation_style=\u00bbfade\u00bb global_colors_info=\u00bb{}\u00bb][\/et_pb_image][et_pb_text module_class=\u00bbminAltura50&#8243; _builder_version=\u00bb3.27.4&#8243; text_font=\u00bbRoboto Condensed||||||||\u00bb text_text_color=\u00bb#2d2d2d\u00bb text_font_size=\u00bb17px\u00bb link_option_url=\u00bbhttp:\/\/www.ceumedia.es\/\u00bb link_option_url_new_window=\u00bbon\u00bb border_width_bottom=\u00bb2px\u00bb border_color_bottom=\u00bb#ff6816&#8243; global_colors_info=\u00bb{}\u00bb]<\/p>\n<p>CEUMEDIA<\/p>\n<p>[\/et_pb_text][\/et_pb_column][et_pb_column type=\u00bb1_4&#8243; _builder_version=\u00bb3.25&#8243; custom_padding=\u00bb|||\u00bb global_colors_info=\u00bb{}\u00bb custom_padding__hover=\u00bb|||\u00bb][et_pb_image src=\u00bbhttps:\/\/mrhouston.net\/wp-content\/uploads\/2024\/02\/fundacion-uc3.png\u00bb title_text=\u00bbfundacion uc3&#8243; url=\u00bbhttps:\/\/www.fundacion.uc3m.es\/\u00bb url_new_window=\u00bbon\u00bb show_bottom_space=\u00bboff\u00bb align=\u00bbcenter\u00bb align_tablet=\u00bbcenter\u00bb align_phone=\u00bbcenter\u00bb align_last_edited=\u00bbon|desktop\u00bb module_class=\u00bbnormal43B\u00bb _builder_version=\u00bb4.11.4&#8243; custom_margin=\u00bb0px|0px|0px|0px\u00bb custom_padding=\u00bb0px|0px|0px|0px\u00bb animation_style=\u00bbfade\u00bb global_colors_info=\u00bb{}\u00bb][\/et_pb_image][et_pb_text module_class=\u00bbminAltura50&#8243; _builder_version=\u00bb3.27.4&#8243; text_font=\u00bbRoboto Condensed||||||||\u00bb text_text_color=\u00bb#2d2d2d\u00bb text_font_size=\u00bb17px\u00bb link_option_url=\u00bbhttps:\/\/www.fundacion.uc3m.es\/\u00bb link_option_url_new_window=\u00bbon\u00bb border_width_bottom=\u00bb2px\u00bb border_color_bottom=\u00bb#ff6816&#8243; global_colors_info=\u00bb{}\u00bb]<\/p>\n<p>FUNDACI\u00d3N UC3M<\/p>\n<p>[\/et_pb_text][\/et_pb_column][et_pb_column type=\u00bb1_4&#8243; _builder_version=\u00bb3.25&#8243; custom_padding=\u00bb|||\u00bb global_colors_info=\u00bb{}\u00bb custom_padding__hover=\u00bb|||\u00bb][et_pb_image src=\u00bbhttps:\/\/mrhouston.net\/wp-content\/uploads\/2024\/02\/infova.png\u00bb title_text=\u00bbinfova\u00bb url=\u00bbhttps:\/\/www.infova.es\/\u00bb url_new_window=\u00bbon\u00bb show_bottom_space=\u00bboff\u00bb align=\u00bbcenter\u00bb align_tablet=\u00bbcenter\u00bb align_phone=\u00bbcenter\u00bb align_last_edited=\u00bbon|desktop\u00bb module_class=\u00bbnormal43B\u00bb _builder_version=\u00bb4.11.4&#8243; custom_margin=\u00bb0px|0px|0px|0px\u00bb custom_padding=\u00bb0px|0px|0px|0px\u00bb animation_style=\u00bbfade\u00bb global_colors_info=\u00bb{}\u00bb][\/et_pb_image][et_pb_text module_class=\u00bbminAltura50&#8243; _builder_version=\u00bb3.27.4&#8243; text_font=\u00bbRoboto Condensed||||||||\u00bb text_text_color=\u00bb#2d2d2d\u00bb text_font_size=\u00bb17px\u00bb link_option_url=\u00bbhttps:\/\/www.infova.es\/\u00bb link_option_url_new_window=\u00bbon\u00bb border_width_bottom=\u00bb2px\u00bb border_color_bottom=\u00bb#ff6816&#8243; global_colors_info=\u00bb{}\u00bb]<\/p>\n<p>INFOVA<\/p>\n<p>[\/et_pb_text][\/et_pb_column][\/et_pb_row][et_pb_row column_structure=\u00bb1_4,1_4,1_4,1_4&#8243; make_equal=\u00bbon\u00bb _builder_version=\u00bb3.25&#8243; global_colors_info=\u00bb{}\u00bb][et_pb_column type=\u00bb1_4&#8243; _builder_version=\u00bb3.25&#8243; custom_padding=\u00bb|||\u00bb global_colors_info=\u00bb{}\u00bb custom_padding__hover=\u00bb|||\u00bb][et_pb_image src=\u00bbhttps:\/\/mrhouston.net\/wp-content\/uploads\/2024\/05\/IE-OK.jpg\u00bb title_text=\u00bbIE\u00bb url=\u00bbhttps:\/\/www.ie.edu\/es\/business-school\/\u00bb url_new_window=\u00bbon\u00bb show_bottom_space=\u00bboff\u00bb align=\u00bbcenter\u00bb align_tablet=\u00bbcenter\u00bb align_phone=\u00bbcenter\u00bb align_last_edited=\u00bbon|desktop\u00bb module_class=\u00bbnormal43B\u00bb _builder_version=\u00bb4.11.4&#8243; custom_margin=\u00bb0px|0px|0px|0px\u00bb custom_padding=\u00bb0px|0px|0px|0px\u00bb animation_style=\u00bbfade\u00bb global_colors_info=\u00bb{}\u00bb][\/et_pb_image][et_pb_text module_class=\u00bbminAltura50&#8243; _builder_version=\u00bb4.11.4&#8243; text_font=\u00bbRoboto Condensed||||||||\u00bb text_text_color=\u00bb#2d2d2d\u00bb text_font_size=\u00bb17px\u00bb link_option_url=\u00bbhttps:\/\/www.ie.edu\/es\/business-school\/\u00bb link_option_url_new_window=\u00bbon\u00bb hover_enabled=\u00bb0&#8243; border_width_bottom=\u00bb2px\u00bb border_color_bottom=\u00bb#ff6816&#8243; global_colors_info=\u00bb{}\u00bb sticky_enabled=\u00bb0&#8243;]<\/p>\n<p>INSTITUTO DE EMPRESA<\/p>\n<p>[\/et_pb_text][\/et_pb_column][et_pb_column type=\u00bb1_4&#8243; _builder_version=\u00bb3.25&#8243; custom_padding=\u00bb|||\u00bb global_colors_info=\u00bb{}\u00bb custom_padding__hover=\u00bb|||\u00bb][et_pb_image src=\u00bbhttps:\/\/mrhouston.net\/wp-content\/uploads\/2019\/01\/Nanfor-Iberica.png\u00bb url=\u00bbhttps:\/\/nanfor.com\/\u00bb url_new_window=\u00bbon\u00bb show_bottom_space=\u00bboff\u00bb align=\u00bbcenter\u00bb align_tablet=\u00bbcenter\u00bb align_phone=\u00bbcenter\u00bb align_last_edited=\u00bbon|desktop\u00bb module_class=\u00bbnormal43B\u00bb _builder_version=\u00bb3.23&#8243; custom_margin=\u00bb0px|0px|0px|0px\u00bb custom_padding=\u00bb0px|0px|0px|0px\u00bb animation_style=\u00bbfade\u00bb global_colors_info=\u00bb{}\u00bb][\/et_pb_image][et_pb_text module_class=\u00bbminAltura50&#8243; _builder_version=\u00bb4.11.4&#8243; text_font=\u00bbRoboto Condensed||||||||\u00bb text_text_color=\u00bb#2d2d2d\u00bb text_font_size=\u00bb17px\u00bb link_option_url=\u00bbhttps:\/\/nanfor.com\/\u00bb link_option_url_new_window=\u00bbon\u00bb hover_enabled=\u00bb0&#8243; border_width_bottom=\u00bb2px\u00bb border_color_bottom=\u00bb#ff6816&#8243; global_colors_info=\u00bb{}\u00bb sticky_enabled=\u00bb0&#8243;]<\/p>\n<p>NANFOR IBERICA<\/p>\n<p>[\/et_pb_text][\/et_pb_column][et_pb_column type=\u00bb1_4&#8243; _builder_version=\u00bb3.25&#8243; custom_padding=\u00bb|||\u00bb global_colors_info=\u00bb{}\u00bb custom_padding__hover=\u00bb|||\u00bb][et_pb_image src=\u00bbhttps:\/\/mrhouston.net\/wp-content\/uploads\/2019\/01\/Nuestra-Se\u00f1ora-del-Pilar.png\u00bb url=\u00bbhttps:\/\/www.nspilar.com\/\u00bb url_new_window=\u00bbon\u00bb show_bottom_space=\u00bboff\u00bb align=\u00bbcenter\u00bb align_tablet=\u00bbcenter\u00bb align_phone=\u00bbcenter\u00bb align_last_edited=\u00bbon|desktop\u00bb module_class=\u00bbnormal43B\u00bb _builder_version=\u00bb3.23&#8243; custom_margin=\u00bb0px|0px|0px|0px\u00bb custom_padding=\u00bb0px|0px|0px|0px\u00bb animation_style=\u00bbfade\u00bb global_colors_info=\u00bb{}\u00bb][\/et_pb_image][et_pb_text module_class=\u00bbminAltura50&#8243; _builder_version=\u00bb3.27.4&#8243; text_font=\u00bbRoboto Condensed||||||||\u00bb text_text_color=\u00bb#2d2d2d\u00bb text_font_size=\u00bb17px\u00bb link_option_url=\u00bbhttps:\/\/www.nspilar.com\/\u00bb link_option_url_new_window=\u00bbon\u00bb border_width_bottom=\u00bb2px\u00bb border_color_bottom=\u00bb#ff6816&#8243; global_colors_info=\u00bb{}\u00bb]<\/p>\n<p>NUESTRA SE\u00d1ORA DEL PILAR<\/p>\n<p>[\/et_pb_text][\/et_pb_column][et_pb_column type=\u00bb1_4&#8243; _builder_version=\u00bb3.25&#8243; custom_padding=\u00bb|||\u00bb global_colors_info=\u00bb{}\u00bb custom_padding__hover=\u00bb|||\u00bb][et_pb_image src=\u00bbhttps:\/\/mrhouston.net\/wp-content\/uploads\/2023\/03\/Diseno-sin-titulo-1-2.png\u00bb alt=\u00bbThinking Heads \u00bb title_text=\u00bbTHINKING HEADS\u00bb url=\u00bbhttps:\/\/thinkingheads.com\/\u00bb url_new_window=\u00bbon\u00bb show_bottom_space=\u00bboff\u00bb align=\u00bbcenter\u00bb align_tablet=\u00bbcenter\u00bb align_phone=\u00bbcenter\u00bb align_last_edited=\u00bbon|desktop\u00bb module_class=\u00bbnormal43B\u00bb _builder_version=\u00bb4.11.4&#8243; custom_margin=\u00bb0px|0px|0px|0px\u00bb custom_padding=\u00bb0px|0px|0px|0px\u00bb animation_style=\u00bbfade\u00bb global_colors_info=\u00bb{}\u00bb][\/et_pb_image][et_pb_text module_class=\u00bbminAltura50&#8243; _builder_version=\u00bb3.27.4&#8243; text_font=\u00bbRoboto Condensed||||||||\u00bb text_text_color=\u00bb#2d2d2d\u00bb text_font_size=\u00bb17px\u00bb link_option_url=\u00bbhttps:\/\/www.thinkingheads.com\/\u00bb link_option_url_new_window=\u00bbon\u00bb border_width_bottom=\u00bb2px\u00bb border_color_bottom=\u00bb#ff6816&#8243; global_colors_info=\u00bb{}\u00bb]<\/p>\n<p>THINKING HEADS<\/p>\n<p>[\/et_pb_text][\/et_pb_column][\/et_pb_row][et_pb_row column_structure=\u00bb1_4,1_4,1_4,1_4&#8243; make_equal=\u00bbon\u00bb _builder_version=\u00bb3.25&#8243; global_colors_info=\u00bb{}\u00bb][et_pb_column type=\u00bb1_4&#8243; _builder_version=\u00bb3.25&#8243; custom_padding=\u00bb|||\u00bb global_colors_info=\u00bb{}\u00bb custom_padding__hover=\u00bb|||\u00bb][et_pb_image src=\u00bbhttps:\/\/mrhouston.net\/wp-content\/uploads\/2019\/01\/Universidad-Francisco-de-Vitoria.jpg\u00bb url=\u00bbhttp:\/\/www.ufvinternational.com\/\u00bb url_new_window=\u00bbon\u00bb show_bottom_space=\u00bboff\u00bb align=\u00bbcenter\u00bb align_tablet=\u00bbcenter\u00bb align_phone=\u00bbcenter\u00bb align_last_edited=\u00bbon|desktop\u00bb module_class=\u00bbnormal43B\u00bb _builder_version=\u00bb3.23&#8243; custom_margin=\u00bb0px|0px|0px|0px\u00bb custom_padding=\u00bb0px|0px|0px|0px\u00bb animation_style=\u00bbfade\u00bb global_colors_info=\u00bb{}\u00bb][\/et_pb_image][et_pb_text module_class=\u00bbminAltura50&#8243; _builder_version=\u00bb3.27.4&#8243; text_font=\u00bbRoboto Condensed||||||||\u00bb text_text_color=\u00bb#2d2d2d\u00bb text_font_size=\u00bb17px\u00bb link_option_url=\u00bbhttp:\/\/www.ufvinternational.com\/\u00bb link_option_url_new_window=\u00bbon\u00bb border_width_bottom=\u00bb2px\u00bb border_color_bottom=\u00bb#ff6816&#8243; global_colors_info=\u00bb{}\u00bb]<\/p>\n<p>UNIVERSIDAD FRANCISCO DE VITORIA<\/p>\n<p>[\/et_pb_text][\/et_pb_column][et_pb_column type=\u00bb1_4&#8243; _builder_version=\u00bb3.25&#8243; custom_padding=\u00bb|||\u00bb global_colors_info=\u00bb{}\u00bb custom_padding__hover=\u00bb|||\u00bb][et_pb_image src=\u00bbhttps:\/\/mrhouston.net\/wp-content\/uploads\/2019\/01\/Universidad-Polit\u00e9cnica-de-Madrid.png\u00bb url=\u00bbhttp:\/\/www.upm.es\/\u00bb url_new_window=\u00bbon\u00bb show_bottom_space=\u00bboff\u00bb align=\u00bbcenter\u00bb align_tablet=\u00bbcenter\u00bb align_phone=\u00bbcenter\u00bb align_last_edited=\u00bbon|desktop\u00bb module_class=\u00bbnormal43B\u00bb _builder_version=\u00bb3.23&#8243; custom_margin=\u00bb0px|0px|0px|0px\u00bb custom_padding=\u00bb0px|0px|0px|0px\u00bb animation_style=\u00bbfade\u00bb global_colors_info=\u00bb{}\u00bb][\/et_pb_image][et_pb_text module_class=\u00bbminAltura50&#8243; _builder_version=\u00bb3.27.4&#8243; text_font=\u00bbRoboto Condensed||||||||\u00bb text_text_color=\u00bb#2d2d2d\u00bb text_font_size=\u00bb17px\u00bb link_option_url=\u00bbhttp:\/\/www.upm.es\/\u00bb link_option_url_new_window=\u00bbon\u00bb border_width_bottom=\u00bb2px\u00bb border_color_bottom=\u00bb#ff6816&#8243; global_colors_info=\u00bb{}\u00bb]<\/p>\n<p>UNIVERSIDAD POLIT\u00c9CNICA DE MADRID<\/p>\n<p>[\/et_pb_text][\/et_pb_column][et_pb_column type=\u00bb1_4&#8243; _builder_version=\u00bb3.25&#8243; custom_padding=\u00bb|||\u00bb global_colors_info=\u00bb{}\u00bb custom_padding__hover=\u00bb|||\u00bb][\/et_pb_column][et_pb_column type=\u00bb1_4&#8243; _builder_version=\u00bb3.25&#8243; custom_padding=\u00bb|||\u00bb global_colors_info=\u00bb{}\u00bb custom_padding__hover=\u00bb|||\u00bb][\/et_pb_column][\/et_pb_row][\/et_pb_section]<\/p>\n","protected":false},"excerpt":{"rendered":"<p><ul id=\"mrH-breadcrumbs\" class=\"mrH-breadcrumbs\"><li class=\"item-home\"><a class=\"bread-link bread-home\" href=\"https:\/\/mrhouston.net\" title=\"Inicio\">Inicio<\/a><\/li><li class=\"separator separator-home\"> &gt; <\/li><\/ul> CETICSACEUMEDIAFUNDACI\u00d3N UC3MINFOVAINSTITUTO DE EMPRESANANFOR IBERICANUESTRA SE\u00d1ORA DEL PILARTHINKING HEADSUNIVERSIDAD FRANCISCO DE VITORIAUNIVERSIDAD POLIT\u00c9CNICA DE MADRID<\/p>\n","protected":false},"author":3,"featured_media":0,"parent":5890,"menu_order":0,"comment_status":"closed","ping_status":"closed","template":"","meta":{"_et_pb_use_builder":"on","_et_pb_old_content":"","_et_gb_content_width":""},"yoast_head":"<!-- This site is optimized with the Yoast SEO plugin v17.4 - https:\/\/yoast.com\/wordpress\/plugins\/seo\/ -->\n<title>Training - mrHouston Tech Solutions<\/title>\n<meta name=\"robots\" content=\"noindex, nofollow\" \/>\n<meta property=\"og:locale\" content=\"es_ES\" \/>\n<meta property=\"og:type\" content=\"article\" \/>\n<meta property=\"og:title\" content=\"Training - mrHouston Tech Solutions\" \/>\n<meta property=\"og:description\" content=\"CETICSACEUMEDIAFUNDACI\u00d3N UC3MINFOVAINSTITUTO DE EMPRESANANFOR IBERICANUESTRA SE\u00d1ORA DEL PILARTHINKING HEADSUNIVERSIDAD FRANCISCO DE VITORIAUNIVERSIDAD POLIT\u00c9CNICA DE MADRID\" \/>\n<meta property=\"og:url\" content=\"https:\/\/mrhouston.net\/en\/clients\/training\/\" \/>\n<meta property=\"og:site_name\" content=\"mrHouston Tech Solutions\" \/>\n<meta property=\"article:modified_time\" content=\"2025-05-14T12:31:12+00:00\" \/>\n<meta name=\"twitter:card\" content=\"summary_large_image\" \/>\n<meta name=\"twitter:site\" content=\"@mrHoustontech\" \/>\n<meta name=\"twitter:label1\" content=\"Tiempo de lectura\" \/>\n\t<meta name=\"twitter:data1\" content=\"8 minutos\" \/>\n<script type=\"application\/ld+json\" class=\"yoast-schema-graph\">{\"@context\":\"https:\/\/schema.org\",\"@graph\":[{\"@type\":\"Organization\",\"@id\":\"https:\/\/mrhouston.net\/#organization\",\"name\":\"Mr. Houston\",\"url\":\"https:\/\/mrhouston.net\/\",\"sameAs\":[\"https:\/\/www.linkedin.com\/company\/mr-houston-tech-solutions\/mycompany\/\",\"https:\/\/www.youtube.com\/channel\/UC3C9rLSc8yB6d6IkWi789dw\",\"https:\/\/twitter.com\/mrHoustontech\"],\"logo\":{\"@type\":\"ImageObject\",\"@id\":\"https:\/\/mrhouston.net\/#logo\",\"inLanguage\":\"es\",\"url\":\"https:\/\/mrhouston.net\/wp-content\/uploads\/2021\/06\/logo_mrHouston.jpg\",\"contentUrl\":\"https:\/\/mrhouston.net\/wp-content\/uploads\/2021\/06\/logo_mrHouston.jpg\",\"width\":250,\"height\":250,\"caption\":\"Mr. Houston\"},\"image\":{\"@id\":\"https:\/\/mrhouston.net\/#logo\"}},{\"@type\":\"WebSite\",\"@id\":\"https:\/\/mrhouston.net\/#website\",\"url\":\"https:\/\/mrhouston.net\/\",\"name\":\"Mr. Houston Tech Solutions\",\"description\":\"Potenciamos tu negocio mediante la tecnolog\\u00eda.\",\"publisher\":{\"@id\":\"https:\/\/mrhouston.net\/#organization\"},\"potentialAction\":[{\"@type\":\"SearchAction\",\"target\":{\"@type\":\"EntryPoint\",\"urlTemplate\":\"https:\/\/mrhouston.net\/?s={search_term_string}\"},\"query-input\":\"required name=search_term_string\"}],\"inLanguage\":\"es\"},{\"@type\":\"WebPage\",\"@id\":\"https:\/\/mrhouston.net\/en\/clients\/training\/#webpage\",\"url\":\"https:\/\/mrhouston.net\/en\/clients\/training\/\",\"name\":\"Training - mrHouston Tech Solutions\",\"isPartOf\":{\"@id\":\"https:\/\/mrhouston.net\/#website\"},\"datePublished\":\"2019-02-05T00:18:27+00:00\",\"dateModified\":\"2025-05-14T12:31:12+00:00\",\"breadcrumb\":{\"@id\":\"https:\/\/mrhouston.net\/en\/clients\/training\/#breadcrumb\"},\"inLanguage\":\"es\",\"potentialAction\":[{\"@type\":\"ReadAction\",\"target\":[\"https:\/\/mrhouston.net\/en\/clients\/training\/\"]}]},{\"@type\":\"BreadcrumbList\",\"@id\":\"https:\/\/mrhouston.net\/en\/clients\/training\/#breadcrumb\",\"itemListElement\":[{\"@type\":\"ListItem\",\"position\":1,\"name\":\"Home\",\"item\":\"https:\/\/mrhouston.net\/\"},{\"@type\":\"ListItem\",\"position\":2,\"name\":\"Clients\",\"item\":\"https:\/\/mrhouston.net\/en\/clients\/\"},{\"@type\":\"ListItem\",\"position\":3,\"name\":\"Training\"}]}]}<\/script>\n<!-- \/ Yoast SEO plugin. -->","yoast_head_json":{"title":"Training - mrHouston Tech Solutions","robots":{"index":"noindex","follow":"nofollow"},"og_locale":"es_ES","og_type":"article","og_title":"Training - mrHouston Tech Solutions","og_description":"CETICSACEUMEDIAFUNDACI\u00d3N UC3MINFOVAINSTITUTO DE EMPRESANANFOR IBERICANUESTRA SE\u00d1ORA DEL PILARTHINKING HEADSUNIVERSIDAD FRANCISCO DE VITORIAUNIVERSIDAD POLIT\u00c9CNICA DE MADRID","og_url":"https:\/\/mrhouston.net\/en\/clients\/training\/","og_site_name":"mrHouston Tech Solutions","article_modified_time":"2025-05-14T12:31:12+00:00","twitter_card":"summary_large_image","twitter_site":"@mrHoustontech","twitter_misc":{"Tiempo de lectura":"8 minutos"},"schema":{"@context":"https:\/\/schema.org","@graph":[{"@type":"Organization","@id":"https:\/\/mrhouston.net\/#organization","name":"Mr. Houston","url":"https:\/\/mrhouston.net\/","sameAs":["https:\/\/www.linkedin.com\/company\/mr-houston-tech-solutions\/mycompany\/","https:\/\/www.youtube.com\/channel\/UC3C9rLSc8yB6d6IkWi789dw","https:\/\/twitter.com\/mrHoustontech"],"logo":{"@type":"ImageObject","@id":"https:\/\/mrhouston.net\/#logo","inLanguage":"es","url":"https:\/\/mrhouston.net\/wp-content\/uploads\/2021\/06\/logo_mrHouston.jpg","contentUrl":"https:\/\/mrhouston.net\/wp-content\/uploads\/2021\/06\/logo_mrHouston.jpg","width":250,"height":250,"caption":"Mr. Houston"},"image":{"@id":"https:\/\/mrhouston.net\/#logo"}},{"@type":"WebSite","@id":"https:\/\/mrhouston.net\/#website","url":"https:\/\/mrhouston.net\/","name":"Mr. Houston Tech Solutions","description":"Potenciamos tu negocio mediante la tecnolog\u00eda.","publisher":{"@id":"https:\/\/mrhouston.net\/#organization"},"potentialAction":[{"@type":"SearchAction","target":{"@type":"EntryPoint","urlTemplate":"https:\/\/mrhouston.net\/?s={search_term_string}"},"query-input":"required name=search_term_string"}],"inLanguage":"es"},{"@type":"WebPage","@id":"https:\/\/mrhouston.net\/en\/clients\/training\/#webpage","url":"https:\/\/mrhouston.net\/en\/clients\/training\/","name":"Training - mrHouston Tech Solutions","isPartOf":{"@id":"https:\/\/mrhouston.net\/#website"},"datePublished":"2019-02-05T00:18:27+00:00","dateModified":"2025-05-14T12:31:12+00:00","breadcrumb":{"@id":"https:\/\/mrhouston.net\/en\/clients\/training\/#breadcrumb"},"inLanguage":"es","potentialAction":[{"@type":"ReadAction","target":["https:\/\/mrhouston.net\/en\/clients\/training\/"]}]},{"@type":"BreadcrumbList","@id":"https:\/\/mrhouston.net\/en\/clients\/training\/#breadcrumb","itemListElement":[{"@type":"ListItem","position":1,"name":"Home","item":"https:\/\/mrhouston.net\/"},{"@type":"ListItem","position":2,"name":"Clients","item":"https:\/\/mrhouston.net\/en\/clients\/"},{"@type":"ListItem","position":3,"name":"Training"}]}]}},"_links":{"self":[{"href":"https:\/\/mrhouston.net\/wp-json\/wp\/v2\/pages\/5893"}],"collection":[{"href":"https:\/\/mrhouston.net\/wp-json\/wp\/v2\/pages"}],"about":[{"href":"https:\/\/mrhouston.net\/wp-json\/wp\/v2\/types\/page"}],"author":[{"embeddable":true,"href":"https:\/\/mrhouston.net\/wp-json\/wp\/v2\/users\/3"}],"replies":[{"embeddable":true,"href":"https:\/\/mrhouston.net\/wp-json\/wp\/v2\/comments?post=5893"}],"version-history":[{"count":0,"href":"https:\/\/mrhouston.net\/wp-json\/wp\/v2\/pages\/5893\/revisions"}],"up":[{"embeddable":true,"href":"https:\/\/mrhouston.net\/wp-json\/wp\/v2\/pages\/5890"}],"wp:attachment":[{"href":"https:\/\/mrhouston.net\/wp-json\/wp\/v2\/media?parent=5893"}],"curies":[{"name":"wp","href":"https:\/\/api.w.org\/{rel}","templated":true}]}}